{"id":15,"date":"2024-12-05T15:34:26","date_gmt":"2024-12-05T15:34:26","guid":{"rendered":"https:\/\/lumatic.hr\/?page_id=15"},"modified":"2025-01-23T11:43:58","modified_gmt":"2025-01-23T11:43:58","slug":"kontakt","status":"publish","type":"page","link":"https:\/\/lumatic.hr\/?page_id=15","title":{"rendered":"Kontakt"},"content":{"rendered":"\t\t<div data-elementor-type=\"wp-page\" data-elementor-id=\"15\" class=\"elementor elementor-15\" data-elementor-post-type=\"page\">\n\t\t\t\t<div class=\"elementor-element elementor-element-687a89c3 e-con-full e-flex e-con e-parent\" data-id=\"687a89c3\" data-element_type=\"container\" data-e-type=\"container\">\n\t\t<div class=\"elementor-element elementor-element-5d406b18 e-con-full e-flex e-con e-child\" data-id=\"5d406b18\" data-element_type=\"container\" data-e-type=\"container\">\n\t\t<div class=\"elementor-element elementor-element-acb4f3c e-con-full e-flex e-con e-child\" data-id=\"acb4f3c\" data-element_type=\"container\" data-e-type=\"container\">\n\t\t\t\t<div class=\"elementor-element elementor-element-ac834ed elementor-widget elementor-widget-heading\" data-id=\"ac834ed\" data-element_type=\"widget\" data-e-type=\"widget\" data-settings=\"{&quot;_animation_mobile&quot;:&quot;fadeInUp&quot;}\" data-widget_type=\"heading.default\">\n\t\t\t\t<div class=\"elementor-widget-container\">\n\t\t\t\t\t<h1 class=\"elementor-heading-title elementor-size-default\">Kontakt obrazac<\/h1>\t\t\t\t<\/div>\n\t\t\t\t<\/div>\n\t\t\t\t<div class=\"elementor-element elementor-element-77bb5548 elementor-invisible elementor-widget elementor-widget-text-editor\" data-id=\"77bb5548\" data-element_type=\"widget\" data-e-type=\"widget\" data-settings=\"{&quot;_animation&quot;:&quot;fadeInDown&quot;,&quot;_animation_mobile&quot;:&quot;fadeInUp&quot;}\" data-widget_type=\"text-editor.default\">\n\t\t\t\t<div class=\"elementor-widget-container\">\n\t\t\t\t\t\t\t\t\t<p>Zadovoljstvo nam je pomo\u0107i Vam u odabiru savr\u0161enih rje\u0161enja za kavu, snackove i slatke zalogaje za Va\u0161 prostor.<\/p><p>Ako imate bilo kakvih pitanja, \u017eelite saznati vi\u0161e o na\u0161im aparatima ili ponudi, slobodno nas kontaktirajte putem jednog od na\u0161ih kanala ili ispunite na\u0161 kontakt obrazac.<\/p>\t\t\t\t\t\t\t\t<\/div>\n\t\t\t\t<\/div>\n\t\t\t\t<div class=\"elementor-element elementor-element-ca0fd63 elementor-button-align-start elementor-widget elementor-widget-form\" data-id=\"ca0fd63\" data-element_type=\"widget\" data-e-type=\"widget\" data-settings=\"{&quot;step_next_label&quot;:&quot;Next&quot;,&quot;step_previous_label&quot;:&quot;Po\\u0161aljite upit&quot;,&quot;_animation_mobile&quot;:&quot;fadeInUp&quot;,&quot;button_width&quot;:&quot;100&quot;,&quot;step_type&quot;:&quot;number_text&quot;,&quot;step_icon_shape&quot;:&quot;circle&quot;}\" data-widget_type=\"form.default\">\n\t\t\t\t<div class=\"elementor-widget-container\">\n\t\t\t\t\t\t\t<form class=\"elementor-form\" method=\"post\" name=\"Contact Form\" aria-label=\"Contact Form\">\n\t\t\t<input type=\"hidden\" name=\"post_id\" value=\"15\"\/>\n\t\t\t<input type=\"hidden\" name=\"form_id\" value=\"ca0fd63\"\/>\n\t\t\t<input type=\"hidden\" name=\"referer_title\" value=\"Kontakt - LUmatic\" \/>\n\n\t\t\t\t\t\t\t<input type=\"hidden\" name=\"queried_id\" value=\"15\"\/>\n\t\t\t\n\t\t\t<div class=\"elementor-form-fields-wrapper elementor-labels-\">\n\t\t\t\t\t\t\t\t<div class=\"elementor-field-type-text elementor-field-group elementor-column elementor-field-group-name elementor-col-50\">\n\t\t\t\t\t\t\t\t\t\t\t\t<label for=\"form-field-name\" class=\"elementor-field-label elementor-screen-only\">\n\t\t\t\t\t\t\t\tIme i prezime\t\t\t\t\t\t\t<\/label>\n\t\t\t\t\t\t\t\t\t\t\t\t\t\t<input size=\"1\" type=\"text\" name=\"form_fields[name]\" id=\"form-field-name\" class=\"elementor-field elementor-size-sm  elementor-field-textual\" placeholder=\"Ime i prezime\">\n\t\t\t\t\t\t\t\t\t\t\t<\/div>\n\t\t\t\t\t\t\t\t<div class=\"elementor-field-type-email elementor-field-group elementor-column elementor-field-group-email elementor-col-50 elementor-field-required\">\n\t\t\t\t\t\t\t\t\t\t\t\t<label for=\"form-field-email\" class=\"elementor-field-label elementor-screen-only\">\n\t\t\t\t\t\t\t\tVa\u0161 e-mail\t\t\t\t\t\t\t<\/label>\n\t\t\t\t\t\t\t\t\t\t\t\t\t\t<input size=\"1\" type=\"email\" name=\"form_fields[email]\" id=\"form-field-email\" class=\"elementor-field elementor-size-sm  elementor-field-textual\" placeholder=\"Va\u0161 e-mail\" required=\"required\">\n\t\t\t\t\t\t\t\t\t\t\t<\/div>\n\t\t\t\t\t\t\t\t<div class=\"elementor-field-type-tel elementor-field-group elementor-column elementor-field-group-field_6c180a9 elementor-col-50\">\n\t\t\t\t\t\t\t\t\t\t\t\t<label for=\"form-field-field_6c180a9\" class=\"elementor-field-label elementor-screen-only\">\n\t\t\t\t\t\t\t\tBroj mobitela\t\t\t\t\t\t\t<\/label>\n\t\t\t\t\t\t\t\t<input size=\"1\" type=\"tel\" name=\"form_fields[field_6c180a9]\" id=\"form-field-field_6c180a9\" class=\"elementor-field elementor-size-sm  elementor-field-textual\" placeholder=\"Broj mobitela\" pattern=\"[0-9()#&amp;+*-=.]+\" title=\"Only numbers and phone characters (#, -, *, etc) are accepted.\">\n\n\t\t\t\t\t\t<\/div>\n\t\t\t\t\t\t\t\t<div class=\"elementor-field-type-textarea elementor-field-group elementor-column elementor-field-group-message elementor-col-100\">\n\t\t\t\t\t\t\t\t\t\t\t\t<label for=\"form-field-message\" class=\"elementor-field-label elementor-screen-only\">\n\t\t\t\t\t\t\t\tVa\u0161 upit\t\t\t\t\t\t\t<\/label>\n\t\t\t\t\t\t<textarea class=\"elementor-field-textual elementor-field  elementor-size-sm\" name=\"form_fields[message]\" id=\"form-field-message\" rows=\"4\" placeholder=\"Va\u0161 upit\"><\/textarea>\t\t\t\t<\/div>\n\t\t\t\t\t\t\t\t<div class=\"elementor-field-group elementor-column elementor-field-type-submit elementor-col-100 e-form__buttons\">\n\t\t\t\t\t<button class=\"elementor-button elementor-size-sm\" type=\"submit\">\n\t\t\t\t\t\t<span class=\"elementor-button-content-wrapper\">\n\t\t\t\t\t\t\t\t\t\t\t\t\t\t\t\t\t\t\t\t\t\t<span class=\"elementor-button-text\">Po\u0161aljite upit<\/span>\n\t\t\t\t\t\t\t\t\t\t\t\t\t<\/span>\n\t\t\t\t\t<\/button>\n\t\t\t\t<\/div>\n\t\t\t<\/div>\n\t\t<\/form>\n\t\t\t\t\t\t<\/div>\n\t\t\t\t<\/div>\n\t\t\t\t<\/div>\n\t\t\t\t<\/div>\n\t\t<div class=\"elementor-element elementor-element-2aca51fb e-con-full e-flex e-con e-child\" data-id=\"2aca51fb\" data-element_type=\"container\" data-e-type=\"container\" data-settings=\"{&quot;background_background&quot;:&quot;classic&quot;,&quot;animation_mobile&quot;:&quot;fadeInUp&quot;}\">\n\t\t\t\t<\/div>\n\t\t\t\t<\/div>\n\t\t<div class=\"elementor-element elementor-element-328d4bf e-con-full e-flex e-con e-parent\" data-id=\"328d4bf\" data-element_type=\"container\" data-e-type=\"container\" data-settings=\"{&quot;background_background&quot;:&quot;classic&quot;,&quot;animation_mobile&quot;:&quot;fadeInUp&quot;}\">\n\t\t<div class=\"elementor-element elementor-element-5f14233 e-con-full e-flex e-con e-child\" data-id=\"5f14233\" data-element_type=\"container\" data-e-type=\"container\">\n\t\t\t\t<div class=\"elementor-element elementor-element-de4e664 elementor-widget__width-initial elementor-widget-mobile__width-inherit elementor-widget elementor-widget-icon-box\" data-id=\"de4e664\" data-element_type=\"widget\" data-e-type=\"widget\" data-widget_type=\"icon-box.default\">\n\t\t\t\t<div class=\"elementor-widget-container\">\n\t\t\t\t\t\t\t<div class=\"elementor-icon-box-wrapper\">\n\n\t\t\t\n\t\t\t\t\t\t<div class=\"elementor-icon-box-content\">\n\n\t\t\t\t\t\t\t\t\t<h3 class=\"elementor-icon-box-title\">\n\t\t\t\t\t\t<span  >\n\t\t\t\t\t\t\tAdresa:\t\t\t\t\t\t<\/span>\n\t\t\t\t\t<\/h3>\n\t\t\t\t\n\t\t\t\t\t\t\t\t\t<p class=\"elementor-icon-box-description\">\n\t\t\t\t\t\t\u0106irilometodska ul.6. <br>23000 Zadar\t\t\t\t\t<\/p>\n\t\t\t\t\n\t\t\t<\/div>\n\t\t\t\n\t\t<\/div>\n\t\t\t\t\t\t<\/div>\n\t\t\t\t<\/div>\n\t\t\t\t<div class=\"elementor-element elementor-element-201fb02 elementor-widget__width-initial elementor-widget-mobile__width-inherit elementor-widget elementor-widget-icon-box\" data-id=\"201fb02\" data-element_type=\"widget\" data-e-type=\"widget\" data-widget_type=\"icon-box.default\">\n\t\t\t\t<div class=\"elementor-widget-container\">\n\t\t\t\t\t\t\t<div class=\"elementor-icon-box-wrapper\">\n\n\t\t\t\n\t\t\t\t\t\t<div class=\"elementor-icon-box-content\">\n\n\t\t\t\t\t\t\t\t\t<h3 class=\"elementor-icon-box-title\">\n\t\t\t\t\t\t<span  >\n\t\t\t\t\t\t\tKontakt:\t\t\t\t\t\t<\/span>\n\t\t\t\t\t<\/h3>\n\t\t\t\t\n\t\t\t\t\t\t\t\t\t<p class=\"elementor-icon-box-description\">\n\t\t\t\t\t\t<a href=\"+385989460882\"> +385 98 946 0882<\/a><br>\n<a href=\"mailto:pericastipe@hotmail.com\"> pericastipe@hotmail.com <\/a>\n\t\t\t\t\t<\/p>\n\t\t\t\t\n\t\t\t<\/div>\n\t\t\t\n\t\t<\/div>\n\t\t\t\t\t\t<\/div>\n\t\t\t\t<\/div>\n\t\t\t\t<div class=\"elementor-element elementor-element-5b82428 elementor-widget__width-initial elementor-widget-mobile__width-inherit elementor-widget elementor-widget-icon-box\" data-id=\"5b82428\" data-element_type=\"widget\" data-e-type=\"widget\" data-widget_type=\"icon-box.default\">\n\t\t\t\t<div class=\"elementor-widget-container\">\n\t\t\t\t\t\t\t<div class=\"elementor-icon-box-wrapper\">\n\n\t\t\t\n\t\t\t\t\t\t<div class=\"elementor-icon-box-content\">\n\n\t\t\t\t\t\t\t\t\t<h3 class=\"elementor-icon-box-title\">\n\t\t\t\t\t\t<span  >\n\t\t\t\t\t\t\tServis &amp; odr\u017eavanje\t\t\t\t\t\t<\/span>\n\t\t\t\t\t<\/h3>\n\t\t\t\t\n\t\t\t\t\t\t\t\t\t<p class=\"elementor-icon-box-description\">\n\t\t\t\t\t\t24\/7\n\n\t\t\t\t\t<\/p>\n\t\t\t\t\n\t\t\t<\/div>\n\t\t\t\n\t\t<\/div>\n\t\t\t\t\t\t<\/div>\n\t\t\t\t<\/div>\n\t\t\t\t<\/div>\n\t\t\t\t<\/div>\n\t\t\t\t<\/div>\n\t\t","protected":false},"excerpt":{"rendered":"<p>Kontakt obrazac Zadovoljstvo nam je pomo\u0107i Vam u odabiru savr\u0161enih rje\u0161enja za kavu, snackove i slatke zalogaje za Va\u0161 prostor. Ako imate bilo kakvih pitanja, \u017eelite saznati vi\u0161e o na\u0161im aparatima ili ponudi, slobodno nas kontaktirajte putem jednog od na\u0161ih kanala ili ispunite na\u0161 kontakt obrazac. Adresa: \u0106irilometodska ul.6. 23000 Zadar Kontakt: +385 98 946 [&hellip;]<\/p>\n","protected":false},"author":1,"featured_media":0,"parent":0,"menu_order":0,"comment_status":"closed","ping_status":"closed","template":"elementor_header_footer","meta":{"footnotes":""},"class_list":["post-15","page","type-page","status-publish","hentry"],"yoast_head":"<!-- This site is optimized with the Yoast SEO plugin v27.3 - https:\/\/yoast.com\/product\/yoast-seo-wordpress\/ -->\n<title>Kontakt - LUmatic<\/title>\n<meta name=\"description\" content=\"Kontaktirajte LUMatic za najam i servis aparata za kavu u Zadru. Brza reakcija, lokalna podr\u0161ka i vrhunska usluga za va\u0161e poslovne prostore\" \/>\n<meta name=\"robots\" content=\"index, follow, max-snippet:-1, max-image-preview:large, max-video-preview:-1\" \/>\n<link rel=\"canonical\" href=\"https:\/\/lumatic.hr\/?page_id=15\" \/>\n<meta property=\"og:locale\" content=\"en_US\" \/>\n<meta property=\"og:type\" content=\"article\" \/>\n<meta property=\"og:title\" content=\"Kontakt - LUmatic\" \/>\n<meta property=\"og:description\" content=\"Kontaktirajte LUMatic za najam i servis aparata za kavu u Zadru. Brza reakcija, lokalna podr\u0161ka i vrhunska usluga za va\u0161e poslovne prostore\" \/>\n<meta property=\"og:url\" content=\"https:\/\/lumatic.hr\/?page_id=15\" \/>\n<meta property=\"og:site_name\" content=\"LUmatic\" \/>\n<meta property=\"article:modified_time\" content=\"2025-01-23T11:43:58+00:00\" \/>\n<meta name=\"twitter:card\" content=\"summary_large_image\" \/>\n<meta name=\"twitter:label1\" content=\"Est. reading time\" \/>\n\t<meta name=\"twitter:data1\" content=\"1 minute\" \/>\n<script type=\"application\/ld+json\" class=\"yoast-schema-graph\">{\"@context\":\"https:\\\/\\\/schema.org\",\"@graph\":[{\"@type\":\"WebPage\",\"@id\":\"https:\\\/\\\/lumatic.hr\\\/?page_id=15\",\"url\":\"https:\\\/\\\/lumatic.hr\\\/?page_id=15\",\"name\":\"Kontakt - LUmatic\",\"isPartOf\":{\"@id\":\"https:\\\/\\\/lumatic.hr\\\/#website\"},\"datePublished\":\"2024-12-05T15:34:26+00:00\",\"dateModified\":\"2025-01-23T11:43:58+00:00\",\"description\":\"Kontaktirajte LUMatic za najam i servis aparata za kavu u Zadru. Brza reakcija, lokalna podr\u0161ka i vrhunska usluga za va\u0161e poslovne prostore\",\"breadcrumb\":{\"@id\":\"https:\\\/\\\/lumatic.hr\\\/?page_id=15#breadcrumb\"},\"inLanguage\":\"en-US\",\"potentialAction\":[{\"@type\":\"ReadAction\",\"target\":[\"https:\\\/\\\/lumatic.hr\\\/?page_id=15\"]}]},{\"@type\":\"BreadcrumbList\",\"@id\":\"https:\\\/\\\/lumatic.hr\\\/?page_id=15#breadcrumb\",\"itemListElement\":[{\"@type\":\"ListItem\",\"position\":1,\"name\":\"Home\",\"item\":\"https:\\\/\\\/lumatic.hr\\\/\"},{\"@type\":\"ListItem\",\"position\":2,\"name\":\"Kontakt\"}]},{\"@type\":\"WebSite\",\"@id\":\"https:\\\/\\\/lumatic.hr\\\/#website\",\"url\":\"https:\\\/\\\/lumatic.hr\\\/\",\"name\":\"LUMatic\",\"description\":\"Od 2016. godine pru\u017eamo usluge najma, odr\u017eavanja i servisa aparata za kavu na podru\u010dju Zadra i \u0161ire okolice.\",\"publisher\":{\"@id\":\"https:\\\/\\\/lumatic.hr\\\/#organization\"},\"potentialAction\":[{\"@type\":\"SearchAction\",\"target\":{\"@type\":\"EntryPoint\",\"urlTemplate\":\"https:\\\/\\\/lumatic.hr\\\/?s={search_term_string}\"},\"query-input\":{\"@type\":\"PropertyValueSpecification\",\"valueRequired\":true,\"valueName\":\"search_term_string\"}}],\"inLanguage\":\"en-US\"},{\"@type\":\"Organization\",\"@id\":\"https:\\\/\\\/lumatic.hr\\\/#organization\",\"name\":\"LUMatic\",\"url\":\"https:\\\/\\\/lumatic.hr\\\/\",\"logo\":{\"@type\":\"ImageObject\",\"inLanguage\":\"en-US\",\"@id\":\"https:\\\/\\\/lumatic.hr\\\/#\\\/schema\\\/logo\\\/image\\\/\",\"url\":\"https:\\\/\\\/lumatic.hr\\\/wp-content\\\/uploads\\\/2024\\\/12\\\/lumatic_logo.png\",\"contentUrl\":\"https:\\\/\\\/lumatic.hr\\\/wp-content\\\/uploads\\\/2024\\\/12\\\/lumatic_logo.png\",\"width\":500,\"height\":500,\"caption\":\"LUMatic\"},\"image\":{\"@id\":\"https:\\\/\\\/lumatic.hr\\\/#\\\/schema\\\/logo\\\/image\\\/\"},\"sameAs\":[\"https:\\\/\\\/www.instagram.com\\\/lumaticzadar\\\/?utm_source=ig_web_button_share_sheet\"]}]}<\/script>\n<!-- \/ Yoast SEO plugin. -->","yoast_head_json":{"title":"Kontakt - LUmatic","description":"Kontaktirajte LUMatic za najam i servis aparata za kavu u Zadru. Brza reakcija, lokalna podr\u0161ka i vrhunska usluga za va\u0161e poslovne prostore","robots":{"index":"index","follow":"follow","max-snippet":"max-snippet:-1","max-image-preview":"max-image-preview:large","max-video-preview":"max-video-preview:-1"},"canonical":"https:\/\/lumatic.hr\/?page_id=15","og_locale":"en_US","og_type":"article","og_title":"Kontakt - LUmatic","og_description":"Kontaktirajte LUMatic za najam i servis aparata za kavu u Zadru. Brza reakcija, lokalna podr\u0161ka i vrhunska usluga za va\u0161e poslovne prostore","og_url":"https:\/\/lumatic.hr\/?page_id=15","og_site_name":"LUmatic","article_modified_time":"2025-01-23T11:43:58+00:00","twitter_card":"summary_large_image","twitter_misc":{"Est. reading time":"1 minute"},"schema":{"@context":"https:\/\/schema.org","@graph":[{"@type":"WebPage","@id":"https:\/\/lumatic.hr\/?page_id=15","url":"https:\/\/lumatic.hr\/?page_id=15","name":"Kontakt - LUmatic","isPartOf":{"@id":"https:\/\/lumatic.hr\/#website"},"datePublished":"2024-12-05T15:34:26+00:00","dateModified":"2025-01-23T11:43:58+00:00","description":"Kontaktirajte LUMatic za najam i servis aparata za kavu u Zadru. Brza reakcija, lokalna podr\u0161ka i vrhunska usluga za va\u0161e poslovne prostore","breadcrumb":{"@id":"https:\/\/lumatic.hr\/?page_id=15#breadcrumb"},"inLanguage":"en-US","potentialAction":[{"@type":"ReadAction","target":["https:\/\/lumatic.hr\/?page_id=15"]}]},{"@type":"BreadcrumbList","@id":"https:\/\/lumatic.hr\/?page_id=15#breadcrumb","itemListElement":[{"@type":"ListItem","position":1,"name":"Home","item":"https:\/\/lumatic.hr\/"},{"@type":"ListItem","position":2,"name":"Kontakt"}]},{"@type":"WebSite","@id":"https:\/\/lumatic.hr\/#website","url":"https:\/\/lumatic.hr\/","name":"LUMatic","description":"Od 2016. godine pru\u017eamo usluge najma, odr\u017eavanja i servisa aparata za kavu na podru\u010dju Zadra i \u0161ire okolice.","publisher":{"@id":"https:\/\/lumatic.hr\/#organization"},"potentialAction":[{"@type":"SearchAction","target":{"@type":"EntryPoint","urlTemplate":"https:\/\/lumatic.hr\/?s={search_term_string}"},"query-input":{"@type":"PropertyValueSpecification","valueRequired":true,"valueName":"search_term_string"}}],"inLanguage":"en-US"},{"@type":"Organization","@id":"https:\/\/lumatic.hr\/#organization","name":"LUMatic","url":"https:\/\/lumatic.hr\/","logo":{"@type":"ImageObject","inLanguage":"en-US","@id":"https:\/\/lumatic.hr\/#\/schema\/logo\/image\/","url":"https:\/\/lumatic.hr\/wp-content\/uploads\/2024\/12\/lumatic_logo.png","contentUrl":"https:\/\/lumatic.hr\/wp-content\/uploads\/2024\/12\/lumatic_logo.png","width":500,"height":500,"caption":"LUMatic"},"image":{"@id":"https:\/\/lumatic.hr\/#\/schema\/logo\/image\/"},"sameAs":["https:\/\/www.instagram.com\/lumaticzadar\/?utm_source=ig_web_button_share_sheet"]}]}},"_links":{"self":[{"href":"https:\/\/lumatic.hr\/index.php?rest_route=\/wp\/v2\/pages\/15","targetHints":{"allow":["GET"]}}],"collection":[{"href":"https:\/\/lumatic.hr\/index.php?rest_route=\/wp\/v2\/pages"}],"about":[{"href":"https:\/\/lumatic.hr\/index.php?rest_route=\/wp\/v2\/types\/page"}],"author":[{"embeddable":true,"href":"https:\/\/lumatic.hr\/index.php?rest_route=\/wp\/v2\/users\/1"}],"replies":[{"embeddable":true,"href":"https:\/\/lumatic.hr\/index.php?rest_route=%2Fwp%2Fv2%2Fcomments&post=15"}],"version-history":[{"count":143,"href":"https:\/\/lumatic.hr\/index.php?rest_route=\/wp\/v2\/pages\/15\/revisions"}],"predecessor-version":[{"id":760,"href":"https:\/\/lumatic.hr\/index.php?rest_route=\/wp\/v2\/pages\/15\/revisions\/760"}],"wp:attachment":[{"href":"https:\/\/lumatic.hr\/index.php?rest_route=%2Fwp%2Fv2%2Fmedia&parent=15"}],"curies":[{"name":"wp","href":"https:\/\/api.w.org\/{rel}","templated":true}]}}