{"id":41,"date":"2024-12-05T15:34:32","date_gmt":"2024-12-05T15:34:32","guid":{"rendered":"https:\/\/lumatic.hr\/?page_id=41"},"modified":"2025-07-12T10:28:09","modified_gmt":"2025-07-12T10:28:09","slug":"o-nama","status":"publish","type":"page","link":"https:\/\/lumatic.hr\/?page_id=41","title":{"rendered":"O nama"},"content":{"rendered":"\t\t<div data-elementor-type=\"wp-page\" data-elementor-id=\"41\" class=\"elementor elementor-41\" data-elementor-post-type=\"page\">\n\t\t\t\t<div class=\"elementor-element elementor-element-7fa2dc55 e-con-full e-flex e-con e-parent\" data-id=\"7fa2dc55\" data-element_type=\"container\" data-e-type=\"container\">\n\t\t<div class=\"elementor-element elementor-element-11b0f0ce e-con-full e-flex e-con e-child\" data-id=\"11b0f0ce\" data-element_type=\"container\" data-e-type=\"container\">\n\t\t<div class=\"elementor-element elementor-element-425aece2 e-con-full e-flex e-con e-child\" data-id=\"425aece2\" data-element_type=\"container\" data-e-type=\"container\">\n\t\t\t\t<div class=\"elementor-element elementor-element-2fe4dab2 elementor-invisible elementor-widget elementor-widget-heading\" data-id=\"2fe4dab2\" data-element_type=\"widget\" data-e-type=\"widget\" data-settings=\"{&quot;_animation&quot;:&quot;fadeInUp&quot;}\" data-widget_type=\"heading.default\">\n\t\t\t\t<div class=\"elementor-widget-container\">\n\t\t\t\t\t<h1 class=\"elementor-heading-title elementor-size-default\">Va\u0161 pouzdan lokalni partner<\/h1>\t\t\t\t<\/div>\n\t\t\t\t<\/div>\n\t\t\t\t<div class=\"elementor-element elementor-element-365af02e elementor-widget__width-initial elementor-invisible elementor-widget elementor-widget-text-editor\" data-id=\"365af02e\" data-element_type=\"widget\" data-e-type=\"widget\" data-settings=\"{&quot;_animation&quot;:&quot;fadeInDown&quot;}\" data-widget_type=\"text-editor.default\">\n\t\t\t\t<div class=\"elementor-widget-container\">\n\t\t\t\t\t\t\t\t\t<p>Lokalna prisutnost i brza podr\u0161ka \u2013 od 2014. godine brinemo da va\u0161i korisnici i posjetitelji u\u017eivaju u vrhunskoj kavi i brzim, ukusnim zalogajima uz prilago\u0111ena rje\u0161enja koja odgovaraju va\u0161im potrebama.<\/p>\t\t\t\t\t\t\t\t<\/div>\n\t\t\t\t<\/div>\n\t\t\t\t<\/div>\n\t\t\t\t<div class=\"elementor-element elementor-element-14da5193 elementor-widget elementor-widget-heading\" data-id=\"14da5193\" data-element_type=\"widget\" data-e-type=\"widget\" data-widget_type=\"heading.default\">\n\t\t\t\t<div class=\"elementor-widget-container\">\n\t\t\t\t\t<span class=\"elementor-heading-title elementor-size-default\">Sa vama od 2014.<\/span>\t\t\t\t<\/div>\n\t\t\t\t<\/div>\n\t\t\t\t<\/div>\n\t\t<div class=\"elementor-element elementor-element-6f9efb58 e-con-full e-flex e-con e-child\" data-id=\"6f9efb58\" data-element_type=\"container\" data-e-type=\"container\" data-settings=\"{&quot;background_background&quot;:&quot;classic&quot;}\">\n\t\t\t\t<\/div>\n\t\t\t\t<\/div>\n\t\t<div class=\"elementor-element elementor-element-2cb2535d e-con-full e-flex e-con e-parent\" data-id=\"2cb2535d\" data-element_type=\"container\" data-e-type=\"container\">\n\t\t<div class=\"elementor-element elementor-element-69060af5 e-con-full e-flex e-con e-child\" data-id=\"69060af5\" data-element_type=\"container\" data-e-type=\"container\" data-settings=\"{&quot;background_background&quot;:&quot;classic&quot;}\">\n\t\t\t\t<\/div>\n\t\t<div class=\"elementor-element elementor-element-5630a2a7 e-con-full e-flex e-con e-child\" data-id=\"5630a2a7\" data-element_type=\"container\" data-e-type=\"container\">\n\t\t\t\t<div class=\"elementor-element elementor-element-368e45ab elementor-widget elementor-widget-heading\" data-id=\"368e45ab\" data-element_type=\"widget\" data-e-type=\"widget\" data-widget_type=\"heading.default\">\n\t\t\t\t<div class=\"elementor-widget-container\">\n\t\t\t\t\t<h2 class=\"elementor-heading-title elementor-size-default\">Prilago\u0111ena rje\u0161enja za na\u0161e klijente<\/h2>\t\t\t\t<\/div>\n\t\t\t\t<\/div>\n\t\t\t\t<div class=\"elementor-element elementor-element-44ce72b9 elementor-widget elementor-widget-text-editor\" data-id=\"44ce72b9\" data-element_type=\"widget\" data-e-type=\"widget\" data-widget_type=\"text-editor.default\">\n\t\t\t\t<div class=\"elementor-widget-container\">\n\t\t\t\t\t\t\t\t\t<p>Od 2014. godine posve\u0107eni smo opskrbi samoposlu\u017enih aparata za kavu vlasnicima ureda, poslovnih prostora, \u0161kola, javnih ustanova i tvrtki na podru\u010dju Zadra i okolice, kako bismo njihovim korisnicima omogu\u0107ili u\u017eivanje u toplim napicima i ukusnim, brzim zalogajima tijekom pauza ili \u010dekanja.<\/p>\t\t\t\t\t\t\t\t<\/div>\n\t\t\t\t<\/div>\n\t\t\t\t<\/div>\n\t\t\t\t<\/div>\n\t\t<div class=\"elementor-element elementor-element-395c9c0a e-flex e-con-boxed e-con e-parent\" data-id=\"395c9c0a\" data-element_type=\"container\" data-e-type=\"container\" data-settings=\"{&quot;background_background&quot;:&quot;classic&quot;,&quot;animation_mobile&quot;:&quot;fadeInUp&quot;}\">\n\t\t\t\t\t<div class=\"e-con-inner\">\n\t\t\t\t<div class=\"elementor-element elementor-element-47b9c137 elementor-widget elementor-widget-heading\" data-id=\"47b9c137\" data-element_type=\"widget\" data-e-type=\"widget\" data-widget_type=\"heading.default\">\n\t\t\t\t<div class=\"elementor-widget-container\">\n\t\t\t\t\t<h2 class=\"elementor-heading-title elementor-size-default\"><b>LUMatic<\/b> - najam, servis i prodaja samoposlu\u017enih aparata za tople napitke i snackove\n<\/h2>\t\t\t\t<\/div>\n\t\t\t\t<\/div>\n\t\t\t\t<div class=\"elementor-element elementor-element-5ec1d93d elementor-invisible elementor-widget elementor-widget-text-editor\" data-id=\"5ec1d93d\" data-element_type=\"widget\" data-e-type=\"widget\" data-settings=\"{&quot;_animation&quot;:&quot;fadeIn&quot;}\" data-widget_type=\"text-editor.default\">\n\t\t\t\t<div class=\"elementor-widget-container\">\n\t\t\t\t\t\t\t\t\t<p><strong>LUMatic<\/strong> je lokalno prisutna tvrtka sa sjedi\u0161tem u <strong>Zadru<\/strong>, specijalizirana za samoposlu\u017ene aparate za tople napitke i snackove. Od <strong>2014. godine<\/strong> uspje\u0161no sura\u0111ujemo s uredima, poslovnim prostorima, \u0161kolama i javnim ustanovama, pru\u017eaju\u0107i vrhunska rje\u0161enja za osvje\u017eenje tijekom pauza ili \u010dekanja.<\/p><p>Na\u0161a lokalna prisutnost omogu\u0107uje nam da brzo reagiramo na sve va\u0161e potrebe \u2013 od redovitog punjenja aparata i pra\u0107enja potro\u0161nje do odr\u017eavanja i brzih popravaka u slu\u010daju kvara. Redovito \u010distimo i odr\u017eavamo aparate kako bismo osigurali besprijekornu higijenu i pouzdanost u svakom trenutku.<\/p>\t\t\t\t\t\t\t\t<\/div>\n\t\t\t\t<\/div>\n\t\t\t\t\t<\/div>\n\t\t\t\t<\/div>\n\t\t\t\t<\/div>\n\t\t","protected":false},"excerpt":{"rendered":"<p>Va\u0161 pouzdan lokalni partner Lokalna prisutnost i brza podr\u0161ka \u2013 od 2014. godine brinemo da va\u0161i korisnici i posjetitelji u\u017eivaju u vrhunskoj kavi i brzim, ukusnim zalogajima uz prilago\u0111ena rje\u0161enja koja odgovaraju va\u0161im potrebama. Sa vama od 2014. Prilago\u0111ena rje\u0161enja za na\u0161e klijente Od 2014. godine posve\u0107eni smo opskrbi samoposlu\u017enih aparata za kavu vlasnicima ureda, [&hellip;]<\/p>\n","protected":false},"author":1,"featured_media":0,"parent":0,"menu_order":0,"comment_status":"closed","ping_status":"closed","template":"elementor_header_footer","meta":{"footnotes":""},"class_list":["post-41","page","type-page","status-publish","hentry"],"yoast_head":"<!-- This site is optimized with the Yoast SEO plugin v27.3 - https:\/\/yoast.com\/product\/yoast-seo-wordpress\/ -->\n<title>O nama - LUmatic<\/title>\n<meta name=\"description\" content=\"Od 2016. godine, LUMatic pru\u017ea uslugu najma i servisa samoposlu\u017enih aparata u Zadru. Brza podr\u0161ka i prilago\u0111ena rje\u0161enja za va\u0161 prostor.\" \/>\n<meta name=\"robots\" content=\"index, follow, max-snippet:-1, max-image-preview:large, max-video-preview:-1\" \/>\n<link rel=\"canonical\" href=\"https:\/\/lumatic.hr\/?page_id=41\" \/>\n<meta property=\"og:locale\" content=\"en_US\" \/>\n<meta property=\"og:type\" content=\"article\" \/>\n<meta property=\"og:title\" content=\"O nama - LUmatic\" \/>\n<meta property=\"og:description\" content=\"Od 2016. godine, LUMatic pru\u017ea uslugu najma i servisa samoposlu\u017enih aparata u Zadru. Brza podr\u0161ka i prilago\u0111ena rje\u0161enja za va\u0161 prostor.\" \/>\n<meta property=\"og:url\" content=\"https:\/\/lumatic.hr\/?page_id=41\" \/>\n<meta property=\"og:site_name\" content=\"LUmatic\" \/>\n<meta property=\"article:modified_time\" content=\"2025-07-12T10:28:09+00:00\" \/>\n<meta name=\"twitter:card\" content=\"summary_large_image\" \/>\n<meta name=\"twitter:label1\" content=\"Est. reading time\" \/>\n\t<meta name=\"twitter:data1\" content=\"1 minute\" \/>\n<script type=\"application\/ld+json\" class=\"yoast-schema-graph\">{\"@context\":\"https:\\\/\\\/schema.org\",\"@graph\":[{\"@type\":\"WebPage\",\"@id\":\"https:\\\/\\\/lumatic.hr\\\/?page_id=41\",\"url\":\"https:\\\/\\\/lumatic.hr\\\/?page_id=41\",\"name\":\"O nama - LUmatic\",\"isPartOf\":{\"@id\":\"https:\\\/\\\/lumatic.hr\\\/#website\"},\"datePublished\":\"2024-12-05T15:34:32+00:00\",\"dateModified\":\"2025-07-12T10:28:09+00:00\",\"description\":\"Od 2016. godine, LUMatic pru\u017ea uslugu najma i servisa samoposlu\u017enih aparata u Zadru. Brza podr\u0161ka i prilago\u0111ena rje\u0161enja za va\u0161 prostor.\",\"breadcrumb\":{\"@id\":\"https:\\\/\\\/lumatic.hr\\\/?page_id=41#breadcrumb\"},\"inLanguage\":\"en-US\",\"potentialAction\":[{\"@type\":\"ReadAction\",\"target\":[\"https:\\\/\\\/lumatic.hr\\\/?page_id=41\"]}]},{\"@type\":\"BreadcrumbList\",\"@id\":\"https:\\\/\\\/lumatic.hr\\\/?page_id=41#breadcrumb\",\"itemListElement\":[{\"@type\":\"ListItem\",\"position\":1,\"name\":\"Home\",\"item\":\"https:\\\/\\\/lumatic.hr\\\/\"},{\"@type\":\"ListItem\",\"position\":2,\"name\":\"O nama\"}]},{\"@type\":\"WebSite\",\"@id\":\"https:\\\/\\\/lumatic.hr\\\/#website\",\"url\":\"https:\\\/\\\/lumatic.hr\\\/\",\"name\":\"LUMatic\",\"description\":\"Od 2016. godine pru\u017eamo usluge najma, odr\u017eavanja i servisa aparata za kavu na podru\u010dju Zadra i \u0161ire okolice.\",\"publisher\":{\"@id\":\"https:\\\/\\\/lumatic.hr\\\/#organization\"},\"potentialAction\":[{\"@type\":\"SearchAction\",\"target\":{\"@type\":\"EntryPoint\",\"urlTemplate\":\"https:\\\/\\\/lumatic.hr\\\/?s={search_term_string}\"},\"query-input\":{\"@type\":\"PropertyValueSpecification\",\"valueRequired\":true,\"valueName\":\"search_term_string\"}}],\"inLanguage\":\"en-US\"},{\"@type\":\"Organization\",\"@id\":\"https:\\\/\\\/lumatic.hr\\\/#organization\",\"name\":\"LUMatic\",\"url\":\"https:\\\/\\\/lumatic.hr\\\/\",\"logo\":{\"@type\":\"ImageObject\",\"inLanguage\":\"en-US\",\"@id\":\"https:\\\/\\\/lumatic.hr\\\/#\\\/schema\\\/logo\\\/image\\\/\",\"url\":\"https:\\\/\\\/lumatic.hr\\\/wp-content\\\/uploads\\\/2024\\\/12\\\/lumatic_logo.png\",\"contentUrl\":\"https:\\\/\\\/lumatic.hr\\\/wp-content\\\/uploads\\\/2024\\\/12\\\/lumatic_logo.png\",\"width\":500,\"height\":500,\"caption\":\"LUMatic\"},\"image\":{\"@id\":\"https:\\\/\\\/lumatic.hr\\\/#\\\/schema\\\/logo\\\/image\\\/\"},\"sameAs\":[\"https:\\\/\\\/www.instagram.com\\\/lumaticzadar\\\/?utm_source=ig_web_button_share_sheet\"]}]}<\/script>\n<!-- \/ Yoast SEO plugin. -->","yoast_head_json":{"title":"O nama - LUmatic","description":"Od 2016. godine, LUMatic pru\u017ea uslugu najma i servisa samoposlu\u017enih aparata u Zadru. Brza podr\u0161ka i prilago\u0111ena rje\u0161enja za va\u0161 prostor.","robots":{"index":"index","follow":"follow","max-snippet":"max-snippet:-1","max-image-preview":"max-image-preview:large","max-video-preview":"max-video-preview:-1"},"canonical":"https:\/\/lumatic.hr\/?page_id=41","og_locale":"en_US","og_type":"article","og_title":"O nama - LUmatic","og_description":"Od 2016. godine, LUMatic pru\u017ea uslugu najma i servisa samoposlu\u017enih aparata u Zadru. Brza podr\u0161ka i prilago\u0111ena rje\u0161enja za va\u0161 prostor.","og_url":"https:\/\/lumatic.hr\/?page_id=41","og_site_name":"LUmatic","article_modified_time":"2025-07-12T10:28:09+00:00","twitter_card":"summary_large_image","twitter_misc":{"Est. reading time":"1 minute"},"schema":{"@context":"https:\/\/schema.org","@graph":[{"@type":"WebPage","@id":"https:\/\/lumatic.hr\/?page_id=41","url":"https:\/\/lumatic.hr\/?page_id=41","name":"O nama - LUmatic","isPartOf":{"@id":"https:\/\/lumatic.hr\/#website"},"datePublished":"2024-12-05T15:34:32+00:00","dateModified":"2025-07-12T10:28:09+00:00","description":"Od 2016. godine, LUMatic pru\u017ea uslugu najma i servisa samoposlu\u017enih aparata u Zadru. Brza podr\u0161ka i prilago\u0111ena rje\u0161enja za va\u0161 prostor.","breadcrumb":{"@id":"https:\/\/lumatic.hr\/?page_id=41#breadcrumb"},"inLanguage":"en-US","potentialAction":[{"@type":"ReadAction","target":["https:\/\/lumatic.hr\/?page_id=41"]}]},{"@type":"BreadcrumbList","@id":"https:\/\/lumatic.hr\/?page_id=41#breadcrumb","itemListElement":[{"@type":"ListItem","position":1,"name":"Home","item":"https:\/\/lumatic.hr\/"},{"@type":"ListItem","position":2,"name":"O nama"}]},{"@type":"WebSite","@id":"https:\/\/lumatic.hr\/#website","url":"https:\/\/lumatic.hr\/","name":"LUMatic","description":"Od 2016. godine pru\u017eamo usluge najma, odr\u017eavanja i servisa aparata za kavu na podru\u010dju Zadra i \u0161ire okolice.","publisher":{"@id":"https:\/\/lumatic.hr\/#organization"},"potentialAction":[{"@type":"SearchAction","target":{"@type":"EntryPoint","urlTemplate":"https:\/\/lumatic.hr\/?s={search_term_string}"},"query-input":{"@type":"PropertyValueSpecification","valueRequired":true,"valueName":"search_term_string"}}],"inLanguage":"en-US"},{"@type":"Organization","@id":"https:\/\/lumatic.hr\/#organization","name":"LUMatic","url":"https:\/\/lumatic.hr\/","logo":{"@type":"ImageObject","inLanguage":"en-US","@id":"https:\/\/lumatic.hr\/#\/schema\/logo\/image\/","url":"https:\/\/lumatic.hr\/wp-content\/uploads\/2024\/12\/lumatic_logo.png","contentUrl":"https:\/\/lumatic.hr\/wp-content\/uploads\/2024\/12\/lumatic_logo.png","width":500,"height":500,"caption":"LUMatic"},"image":{"@id":"https:\/\/lumatic.hr\/#\/schema\/logo\/image\/"},"sameAs":["https:\/\/www.instagram.com\/lumaticzadar\/?utm_source=ig_web_button_share_sheet"]}]}},"_links":{"self":[{"href":"https:\/\/lumatic.hr\/index.php?rest_route=\/wp\/v2\/pages\/41","targetHints":{"allow":["GET"]}}],"collection":[{"href":"https:\/\/lumatic.hr\/index.php?rest_route=\/wp\/v2\/pages"}],"about":[{"href":"https:\/\/lumatic.hr\/index.php?rest_route=\/wp\/v2\/types\/page"}],"author":[{"embeddable":true,"href":"https:\/\/lumatic.hr\/index.php?rest_route=\/wp\/v2\/users\/1"}],"replies":[{"embeddable":true,"href":"https:\/\/lumatic.hr\/index.php?rest_route=%2Fwp%2Fv2%2Fcomments&post=41"}],"version-history":[{"count":116,"href":"https:\/\/lumatic.hr\/index.php?rest_route=\/wp\/v2\/pages\/41\/revisions"}],"predecessor-version":[{"id":817,"href":"https:\/\/lumatic.hr\/index.php?rest_route=\/wp\/v2\/pages\/41\/revisions\/817"}],"wp:attachment":[{"href":"https:\/\/lumatic.hr\/index.php?rest_route=%2Fwp%2Fv2%2Fmedia&parent=41"}],"curies":[{"name":"wp","href":"https:\/\/api.w.org\/{rel}","templated":true}]}}